{"id":2184,"date":"2024-11-07T16:35:51","date_gmt":"2024-11-07T15:35:51","guid":{"rendered":"https:\/\/abelone.rocks\/footer-start\/"},"modified":"2024-11-07T16:35:51","modified_gmt":"2024-11-07T15:35:51","slug":"footer-start","status":"publish","type":"page","link":"https:\/\/abelone.rocks\/de\/footer-start\/","title":{"rendered":"Footer"},"content":{"rendered":"","protected":false},"excerpt":{"rendered":"","protected":false},"author":1,"featured_media":0,"parent":0,"menu_order":14,"comment_status":"closed","ping_status":"closed","template":"","meta":[],"class_list":["post-2184","page","type-page","status-publish","hentry"],"yoast_head":"<!-- This site is optimized with the Yoast SEO Premium plugin v27.0 (Yoast SEO v27.0) - https:\/\/yoast.com\/product\/yoast-seo-premium-wordpress\/ -->\n<title>Footer - Abelone Films - Filmproduktion Hamburg<\/title>\n<meta name=\"robots\" content=\"index, follow, max-snippet:-1, max-image-preview:large, max-video-preview:-1\" \/>\n<link rel=\"canonical\" href=\"https:\/\/abelone.rocks\/de\/footer-start\/\" \/>\n<meta property=\"og:locale\" content=\"de_DE\" \/>\n<meta property=\"og:type\" content=\"article\" \/>\n<meta property=\"og:title\" content=\"Footer\" \/>\n<meta property=\"og:url\" content=\"https:\/\/abelone.rocks\/de\/footer-start\/\" \/>\n<meta property=\"og:site_name\" content=\"Abelone Films - Filmproduktion Hamburg\" \/>\n<meta name=\"twitter:card\" content=\"summary_large_image\" \/>\n<script type=\"application\/ld+json\" class=\"yoast-schema-graph\">{\"@context\":\"https:\/\/schema.org\",\"@graph\":[{\"@type\":\"WebPage\",\"@id\":\"https:\/\/abelone.rocks\/de\/footer-start\/\",\"url\":\"https:\/\/abelone.rocks\/de\/footer-start\/\",\"name\":\"Footer - Abelone Films - Filmproduktion Hamburg\",\"isPartOf\":{\"@id\":\"https:\/\/abelone.rocks\/de\/#website\"},\"datePublished\":\"2024-11-07T15:35:51+00:00\",\"breadcrumb\":{\"@id\":\"https:\/\/abelone.rocks\/de\/footer-start\/#breadcrumb\"},\"inLanguage\":\"de\",\"potentialAction\":[{\"@type\":\"ReadAction\",\"target\":[\"https:\/\/abelone.rocks\/de\/footer-start\/\"]}]},{\"@type\":\"BreadcrumbList\",\"@id\":\"https:\/\/abelone.rocks\/de\/footer-start\/#breadcrumb\",\"itemListElement\":[{\"@type\":\"ListItem\",\"position\":1,\"name\":\"Home\",\"item\":\"https:\/\/abelone.rocks\/de\/\"},{\"@type\":\"ListItem\",\"position\":2,\"name\":\"Footer\"}]},{\"@type\":\"WebSite\",\"@id\":\"https:\/\/abelone.rocks\/de\/#website\",\"url\":\"https:\/\/abelone.rocks\/de\/\",\"name\":\"Abelone Films - Filmproduktion Hamburg\",\"description\":\"Abelone Films is a leading film production studio in Hamburg, specializing in high-quality branded content &amp; commercials.\",\"potentialAction\":[{\"@type\":\"SearchAction\",\"target\":{\"@type\":\"EntryPoint\",\"urlTemplate\":\"https:\/\/abelone.rocks\/de\/?s={search_term_string}\"},\"query-input\":{\"@type\":\"PropertyValueSpecification\",\"valueRequired\":true,\"valueName\":\"search_term_string\"}}],\"inLanguage\":\"de\"}]}<\/script>\n<!-- \/ Yoast SEO Premium plugin. -->","yoast_head_json":{"title":"Footer - Abelone Films - Filmproduktion Hamburg","robots":{"index":"index","follow":"follow","max-snippet":"max-snippet:-1","max-image-preview":"max-image-preview:large","max-video-preview":"max-video-preview:-1"},"canonical":"https:\/\/abelone.rocks\/de\/footer-start\/","og_locale":"de_DE","og_type":"article","og_title":"Footer","og_url":"https:\/\/abelone.rocks\/de\/footer-start\/","og_site_name":"Abelone Films - Filmproduktion Hamburg","twitter_card":"summary_large_image","schema":{"@context":"https:\/\/schema.org","@graph":[{"@type":"WebPage","@id":"https:\/\/abelone.rocks\/de\/footer-start\/","url":"https:\/\/abelone.rocks\/de\/footer-start\/","name":"Footer - Abelone Films - Filmproduktion Hamburg","isPartOf":{"@id":"https:\/\/abelone.rocks\/de\/#website"},"datePublished":"2024-11-07T15:35:51+00:00","breadcrumb":{"@id":"https:\/\/abelone.rocks\/de\/footer-start\/#breadcrumb"},"inLanguage":"de","potentialAction":[{"@type":"ReadAction","target":["https:\/\/abelone.rocks\/de\/footer-start\/"]}]},{"@type":"BreadcrumbList","@id":"https:\/\/abelone.rocks\/de\/footer-start\/#breadcrumb","itemListElement":[{"@type":"ListItem","position":1,"name":"Home","item":"https:\/\/abelone.rocks\/de\/"},{"@type":"ListItem","position":2,"name":"Footer"}]},{"@type":"WebSite","@id":"https:\/\/abelone.rocks\/de\/#website","url":"https:\/\/abelone.rocks\/de\/","name":"Abelone Films - Filmproduktion Hamburg","description":"Abelone Films is a leading film production studio in Hamburg, specializing in high-quality branded content &amp; commercials.","potentialAction":[{"@type":"SearchAction","target":{"@type":"EntryPoint","urlTemplate":"https:\/\/abelone.rocks\/de\/?s={search_term_string}"},"query-input":{"@type":"PropertyValueSpecification","valueRequired":true,"valueName":"search_term_string"}}],"inLanguage":"de"}]}},"grid":"{\r\n  \"colCount\": 8,\r\n  \"colGutter\": 15,\r\n  \"rowGutters\": [\r\n    40,\r\n    40,\r\n    80\r\n  ],\r\n  \"frameMargin\": 5,\r\n  \"leftFrameMargin\": 15,\r\n  \"rightFrameMargin\": 15,\r\n  \"topFrameMargin\": 30,\r\n  \"bottomFrameMargin\": 30,\r\n  \"rowAttrs\": [\r\n    {\r\n      \"relid\": 1\r\n    },\r\n    {\r\n      \"relid\": 3\r\n    },\r\n    {\r\n      \"relid\": 7\r\n    },\r\n    {\r\n      \"relid\": 4\r\n    }\r\n  ],\r\n  \"bgColor\": \"#000000\",\r\n  \"bgImage\": null,\r\n  \"cont\": [\r\n    {\r\n      \"type\": \"text\",\r\n      \"cont\": \"[:de]<h2 class=\\\"_style_5\\\" style=\\\"column-count: 2; column-gap: 15px;\\\">Abelone Films ist deine internationale, preisgekr\u00f6nte Filmproduktionsfirma mit Hauptsitz in Hamburg, bekannt f\u00fcr hochwertigen Branded Content und Werbefilme, die auf filmischer Ebene begeistern. Im Zentrum von Abelone Films steht die Leidenschaft f\u00fcr fesselndes Storytelling und das Streben nach kreativer Exzellenz. Mit einem vielf\u00e4ltigen und talentierten Netzwerk internationaler Kreativer gehen wir jedes Projekt individuell an und stellen das perfekte Team zusammen, um Ideen auf das n\u00e4chste Level zu heben. Unsere Mission ist es, Werbung mit Entertainment zu vereinen und digitale Inhalte zu schaffen, die sowohl bedeutsam als auch wirkungsvoll sind.\u00a0<br \/>Ob der Output f\u00fcr die gro\u00dfe Leinwand bestimmt ist oder f\u00fcr digitale Plattformen ma\u00dfgeschneidert wird \u2013 Abelone Films tief verwurzelte Erfahrungen und Innovationsgeist in jeder Produktionsphase, von der Vorproduktion bis hin zur finalen Bearbeitung. In den vergangenen Jahren durften wir mit f\u00fchrenden Marken wie Porsche AG, Procter &amp; Gamble, McDonald\u2019s, Volkswagen, Mercedes Benz, Montblanc und BMW zusammenarbeiten. Unser Produktionsprozess zeichnet sich durch ein hohes Qualit\u00e4tsbewusstsein, Liebe zum Detail, Transparenz und eine pers\u00f6nliche Herangehensweise aus, die durch effiziente Workflows zus\u00e4tzlichen Mehrwert bietet.\u00a0 Dieses Engagement bildet den Kern des \u201eAbelone Shell\u201c-Ethos \u2013 eine Philosophie, die unsere Leidenschaft f\u00fcr transformative und wegweisende Ideen sch\u00fctzt und f\u00f6rdert.<br \/>Lasst uns \u00fcber Ihre Geschichte sprechen und gemeinsam Inhalte schaffen die sowohl filmisch als auch emotional auf h\u00f6chstem Niveau resonieren.\u00a0<\/h2>[:en][:]\",\r\n      \"align\": \"top\",\r\n      \"row\": 0,\r\n      \"col\": 0,\r\n      \"colspan\": 8,\r\n      \"offsetx\": 0,\r\n      \"offsety\": 0,\r\n      \"spaceabove\": 0,\r\n      \"spacebelow\": 0,\r\n      \"yvel\": 1,\r\n      \"push\": 0,\r\n      \"relid\": 2,\r\n      \"absolute_position\": false,\r\n      \"frameOverflow\": \"\",\r\n      \"html_id\": \"twocolumns\",\r\n      \"dosync\": false\r\n    },\r\n    {\r\n      \"type\": \"hr\",\r\n      \"cont\": \"\",\r\n      \"align\": \"middle\",\r\n      \"row\": 1,\r\n      \"col\": 0,\r\n      \"colspan\": 8,\r\n      \"offsetx\": 0,\r\n      \"offsety\": 0,\r\n      \"spaceabove\": 0,\r\n      \"spacebelow\": 0,\r\n      \"yvel\": 1,\r\n      \"push\": 0,\r\n      \"relid\": 14,\r\n      \"absolute_position\": false,\r\n      \"frameOverflow\": \"\"\r\n    },\r\n    {\r\n      \"type\": \"text\",\r\n      \"cont\": \"<p class=\\\"_style_7\\\"><span style=\\\"background-color: #fff; height: 13px; width: 13px; border-radius: 10px; display: inline-block; margin-right: 10px;\\\">\u2022<\/span>Back to Top<\/p>\",\r\n      \"align\": \"top\",\r\n      \"row\": 2,\r\n      \"col\": 0,\r\n      \"colspan\": 3,\r\n      \"offsetx\": 0,\r\n      \"offsety\": 0,\r\n      \"spaceabove\": 0,\r\n      \"spacebelow\": 0,\r\n      \"yvel\": 1,\r\n      \"push\": 0,\r\n      \"relid\": 8,\r\n      \"absolute_position\": false,\r\n      \"isscrolltotop\": true,\r\n      \"frameOverflow\": \"\"\r\n    },\r\n    {\r\n      \"type\": \"text\",\r\n      \"cont\": \"<p class=\\\"_style_7\\\"><span>Abelone Films GmbH<br \/>Brandstwiete 42<br \/>20457 Hamburg, Germany<br \/><a href=\\\"tel:%20+49 40 637 474 47\\\">+49 (0)40 637 474 47<\/a><\/span><\/p>\",\r\n      \"align\": \"top\",\r\n      \"row\": 2,\r\n      \"col\": 4,\r\n      \"colspan\": 2,\r\n      \"offsetx\": 0,\r\n      \"offsety\": 0,\r\n      \"spaceabove\": 0,\r\n      \"spacebelow\": 0,\r\n      \"yvel\": 1,\r\n      \"push\": 1,\r\n      \"relid\": 5,\r\n      \"absolute_position\": false\r\n    },\r\n    {\r\n      \"type\": \"text\",\r\n      \"cont\": \"<p class=\\\"_style_7\\\"><a rel=\\\"noopener\\\" href=\\\"https:\/\/www.instagram.com\/abelone_films\/\\\" target=\\\"_blank\\\">Instagram<\/a><br \/><a rel=\\\"noopener\\\" href=\\\"https:\/\/vimeo.com\/abelonefilms\\\" target=\\\"_blank\\\">Vimeo<\/a><\/p>\",\r\n      \"align\": \"top\",\r\n      \"row\": 2,\r\n      \"col\": 6,\r\n      \"colspan\": 2,\r\n      \"offsetx\": 0,\r\n      \"offsety\": 0,\r\n      \"spaceabove\": 0,\r\n      \"spacebelow\": 0,\r\n      \"yvel\": 1,\r\n      \"push\": 0,\r\n      \"relid\": 9,\r\n      \"absolute_position\": false\r\n    },\r\n    {\r\n      \"type\": \"text\",\r\n      \"cont\": \"<p class=\\\"_style_7\\\"><a href=\\\"https:\/\/abelone.rocks\/category\/work\/\\\" data-id=\\\"1\\\" data-title=\\\"Work\\\" data-type=\\\"category\\\">Work<\/a> <span class=\\\"Apple-converted-space\\\">\u00a0 \u00a0 <\/span><a href=\\\"https:\/\/abelone.rocks\/category\/people\/directors\/\\\" data-id=\\\"7\\\" data-title=\\\"Directors\\\">Creatives<\/a><a href=\\\"https:\/\/abelone.rocks\/category\/people\/photographers\/\\\" data-id=\\\"8\\\" data-title=\\\"Photographers\\\" data-type=\\\"category\\\">\u00a0<\/a><span class=\\\"Apple-converted-space\\\"><a href=\\\"https:\/\/abelone.rocks\/category\/people\/photographers\/\\\" data-id=\\\"8\\\" data-title=\\\"Photographers\\\" data-type=\\\"category\\\">\u00a0<\/a> \u00a0 <\/span><a href=\\\"https:\/\/abelone.rocks\/category\/abelone-x\/\\\" data-id=\\\"20\\\" data-title=\\\"Abelone X\\\" data-type=\\\"category\\\">Abelone X<\/a> <a href=\\\"https:\/\/abelone.rocks\/category\/abelone-x\/\\\" data-id=\\\"20\\\" data-title=\\\"Abelone X\\\" data-type=\\\"category\\\"><\/a> <span class=\\\"Apple-converted-space\\\">\u00a0 \u00a0 <\/span><span class=\\\"Apple-converted-space\\\"><a href=\\\"https:\/\/abelone.rocks\/culture\/\\\" data-id=\\\"932\\\" data-title=\\\"Culture\\\" data-type=\\\"page\\\">Culture<\/a>\u00a0 \u00a0 <\/span><a href=\\\"https:\/\/abelone.rocks\/about\/\\\" data-id=\\\"57\\\" data-title=\\\"About\\\">About<\/a> <span class=\\\"Apple-converted-space\\\">\u00a0 \u00a0 <\/span><a href=\\\"https:\/\/abelone.rocks\/datenschutz\/\\\" data-id=\\\"118\\\" data-title=\\\"Datenschutz\\\" data-type=\\\"page\\\">Datenschutz<\/a> <span class=\\\"Apple-converted-space\\\">\u00a0 \u00a0 <\/span><a href=\\\"https:\/\/abelone.rocks\/impressum\/\\\" data-id=\\\"120\\\" data-title=\\\"Impressum\\\" data-type=\\\"page\\\">Impressum<\/a><\/p>\",\r\n      \"align\": \"bottom\",\r\n      \"row\": 3,\r\n      \"col\": 0,\r\n      \"colspan\": 4,\r\n      \"offsetx\": 0,\r\n      \"offsety\": 0,\r\n      \"spaceabove\": 0,\r\n      \"spacebelow\": 0,\r\n      \"yvel\": 1,\r\n      \"push\": 0,\r\n      \"relid\": 6,\r\n      \"absolute_position\": false\r\n    },\r\n    {\r\n      \"type\": \"text\",\r\n      \"cont\": \"<p class=\\\"_style_7\\\"><!-- Begin Mailchimp Signup Form --><\/p><p class=\\\"_style_7\\\" style=\\\"float: left;\\\"><span class=\\\"_style_7\\\">Subscribe to our Newsletter:<br \/><\/span><label style=\\\"letter-spacing: 0em;\\\" for=\\\"mce-EMAIL\\\"> <\/label> <input id=\\\"mce-EMAIL\\\" class=\\\"_style_7 required email\\\" name=\\\"EMAIL\\\" type=\\\"email\\\" value=\\\"\\\" \/><\/p><form id=\\\"mc-embedded-subscribe-form\\\" class=\\\"validate\\\" action=\\\"https:\/\/rocks.us12.list-manage.com\/subscribe\/post?u=ab66391af1dad9848c55bc673&amp;id=e65a8737f5&amp;f_id=007cb9e0f0\\\" method=\\\"post\\\"><div id=\\\"mc_embed_signup_scroll\\\"><!-- real people should not fill this in and expect good things - do not remove this or risk form bot signups--><div style=\\\"position: absolute; left: -5000px;\\\" aria-hidden=\\\"true\\\"><input name=\\\"b_ab66391af1dad9848c55bc673_e65a8737f5\\\" type=\\\"text\\\" value=\\\"\\\" \/><\/div><div class=\\\"optionalParent\\\"><div class=\\\"clear foot\\\"><input id=\\\"mc-embedded-subscribe\\\" class=\\\"_style_7 button\\\" name=\\\"subscribe\\\" type=\\\"submit\\\" value=\\\"Subscribe\\\" \/><\/div><\/div><\/div><\/form><p class=\\\"_style_7\\\"><!--End mc_embed_signup--><\/p>\",\r\n      \"align\": \"bottom\",\r\n      \"row\": 3,\r\n      \"col\": 4,\r\n      \"colspan\": 4,\r\n      \"offsetx\": 0,\r\n      \"offsety\": 0,\r\n      \"spaceabove\": 0,\r\n      \"spacebelow\": 0,\r\n      \"yvel\": 1,\r\n      \"push\": 0,\r\n      \"relid\": 10,\r\n      \"absolute_position\": false,\r\n      \"dosync\": false\r\n    }\r\n  ]\r\n}","phonegrid":"{\r\n  \"colCount\": 8,\r\n  \"colGutter\": 1,\r\n  \"rowGutters\": [\r\n    \"25\",\r\n    \"25\",\r\n    12,\r\n    \"30\",\r\n    12,\r\n    12\r\n  ],\r\n  \"frameMargin\": 5,\r\n  \"leftFrameMargin\": 15,\r\n  \"rightFrameMargin\": 15,\r\n  \"topFrameMargin\": \"25\",\r\n  \"bottomFrameMargin\": \"15\",\r\n  \"rowAttrs\": [\r\n    {\r\n      \"relid\": 15\r\n    },\r\n    {\r\n      \"relid\": 17\r\n    },\r\n    {\r\n      \"relid\": 7\r\n    },\r\n    {\r\n      \"relid\": 11\r\n    },\r\n    {\r\n      \"relid\": 16\r\n    },\r\n    {\r\n      \"relid\": 12\r\n    },\r\n    {\r\n      \"relid\": 4\r\n    }\r\n  ],\r\n  \"bgColor\": \"#000000\",\r\n  \"bgImage\": null,\r\n  \"cont\": [\r\n    {\r\n      \"type\": \"text\",\r\n      \"cont\": \"[:de]<h2 class=\\\"_style_5\\\">Abelone Films ist deine internationale, preisgekr\u00f6nte Filmproduktionsfirma mit Hauptsitz in Hamburg, bekannt f\u00fcr hochwertigen Branded Content und Werbefilme, die auf filmischer Ebene begeistern. Im Zentrum von Abelone Films steht die Leidenschaft f\u00fcr fesselndes Storytelling und das Streben nach kreativer Exzellenz. Mit einem vielf\u00e4ltigen und talentierten Netzwerk internationaler Kreativer gehen wir jedes Projekt individuell an und stellen das perfekte Team zusammen, um Ideen auf das n\u00e4chste Level zu heben. Unsere Mission ist es, Werbung mit Entertainment zu vereinen und digitale Inhalte zu schaffen, die sowohl bedeutsam als auch wirkungsvoll sind.\u00a0<\/h2><h2 class=\\\"_style_5\\\">Ob der Output f\u00fcr die gro\u00dfe Leinwand bestimmt ist oder f\u00fcr digitale Plattformen ma\u00dfgeschneidert wird \u2013 Abelone Films tief verwurzelte Erfahrungen und Innovationsgeist in jeder Produktionsphase, von der Vorproduktion bis hin zur finalen Bearbeitung. In den vergangenen Jahren durften wir mit f\u00fchrenden Marken wie Porsche AG, Procter &amp; Gamble, McDonald\u2019s, Volkswagen, Mercedes Benz, Montblanc und BMW zusammenarbeiten. Unser Produktionsprozess zeichnet sich durch ein hohes Qualit\u00e4tsbewusstsein, Liebe zum Detail, Transparenz und eine pers\u00f6nliche Herangehensweise aus, die durch effiziente Workflows zus\u00e4tzlichen Mehrwert bietet.\u00a0 Dieses Engagement bildet den Kern des \u201eAbelone Shell\u201c-Ethos \u2013 eine Philosophie, die unsere Leidenschaft f\u00fcr transformative und wegweisende Ideen sch\u00fctzt und f\u00f6rdert.<br \/>Lasst uns \u00fcber Ihre Geschichte sprechen und gemeinsam Inhalte schaffen die sowohl filmisch als auch emotional auf h\u00f6chstem Niveau resonieren.\u00a0<\/h2>[:en][:]\",\r\n      \"align\": \"middle\",\r\n      \"row\": 0,\r\n      \"col\": 0,\r\n      \"colspan\": 8,\r\n      \"offsetx\": 0,\r\n      \"offsety\": 0,\r\n      \"spaceabove\": 0,\r\n      \"spacebelow\": 0,\r\n      \"yvel\": 1,\r\n      \"push\": 0,\r\n      \"relid\": 2,\r\n      \"absolute_position\": false,\r\n      \"frameOverflow\": \"\",\r\n      \"html_id\": \"twocolumns\",\r\n      \"dosync\": false\r\n    },\r\n    {\r\n      \"type\": \"hr\",\r\n      \"cont\": \"\",\r\n      \"align\": \"middle\",\r\n      \"row\": 1,\r\n      \"col\": 0,\r\n      \"colspan\": 8,\r\n      \"offsetx\": 0,\r\n      \"offsety\": 0,\r\n      \"spaceabove\": 0,\r\n      \"spacebelow\": 0,\r\n      \"yvel\": 1,\r\n      \"push\": 0,\r\n      \"relid\": 18,\r\n      \"absolute_position\": false,\r\n      \"frameOverflow\": \"\"\r\n    },\r\n    {\r\n      \"type\": \"text\",\r\n      \"cont\": \"<p class=\\\"_style_7\\\"><span style=\\\"background-color: #fff; height: 13px; width: 13px; border-radius: 10px; display: inline-block; margin-right: 10px;\\\">\u2022<\/span>Back to Top<\/p>\",\r\n      \"align\": \"top\",\r\n      \"row\": 2,\r\n      \"col\": 0,\r\n      \"colspan\": 4,\r\n      \"offsetx\": 0,\r\n      \"offsety\": 0,\r\n      \"spaceabove\": 0,\r\n      \"spacebelow\": 0,\r\n      \"yvel\": 1,\r\n      \"push\": 0,\r\n      \"relid\": 8,\r\n      \"absolute_position\": false,\r\n      \"isscrolltotop\": true,\r\n      \"frameOverflow\": \"\"\r\n    },\r\n    {\r\n      \"type\": \"text\",\r\n      \"cont\": \"<p class=\\\"_style_7\\\"><a rel=\\\"noopener\\\" href=\\\"https:\/\/www.instagram.com\/abelone_films\/\\\" target=\\\"_blank\\\">Instagram<\/a><br \/><a rel=\\\"noopener\\\" href=\\\"https:\/\/vimeo.com\/abelonefilms\\\" target=\\\"_blank\\\">Vimeo<\/a><\/p>\",\r\n      \"align\": \"top\",\r\n      \"row\": 2,\r\n      \"col\": 4,\r\n      \"colspan\": 4,\r\n      \"offsetx\": 0,\r\n      \"offsety\": 0,\r\n      \"spaceabove\": 0,\r\n      \"spacebelow\": 0,\r\n      \"yvel\": 1,\r\n      \"push\": 0,\r\n      \"relid\": 9,\r\n      \"absolute_position\": false,\r\n      \"frameOverflow\": \"\"\r\n    },\r\n    {\r\n      \"type\": \"text\",\r\n      \"cont\": \"<p class=\\\"_style_7\\\"><span>Abelone Films GmbH<br \/>Brandstwiete 42<br \/>20457 Hamburg, Germany<br \/><a href=\\\"tel:%20+49 40 637 474 47\\\">+49 (0)40 637 474 47<\/a><\/span><\/p>\",\r\n      \"align\": \"top\",\r\n      \"row\": 3,\r\n      \"col\": 0,\r\n      \"colspan\": 8,\r\n      \"offsetx\": 0,\r\n      \"offsety\": 0,\r\n      \"spaceabove\": 0,\r\n      \"spacebelow\": 0,\r\n      \"yvel\": 1,\r\n      \"push\": 0,\r\n      \"relid\": 5,\r\n      \"absolute_position\": false,\r\n      \"frameOverflow\": \"\"\r\n    },\r\n    {\r\n      \"type\": \"text\",\r\n      \"cont\": \"<p class=\\\"_style_7\\\"><!-- Begin Mailchimp Signup Form --><\/p><p class=\\\"_style_7\\\" style=\\\"float: left;\\\"><span class=\\\"_style_7\\\">Subscribe to our Newsletter:<br \/><\/span><label style=\\\"letter-spacing: 0em;\\\" for=\\\"mce-EMAIL\\\"> <\/label> <input id=\\\"mce-EMAIL\\\" class=\\\"_style_7 required email\\\" name=\\\"EMAIL\\\" type=\\\"email\\\" value=\\\"\\\" \/><\/p><form id=\\\"mc-embedded-subscribe-form\\\" class=\\\"validate\\\" action=\\\"https:\/\/rocks.us12.list-manage.com\/subscribe\/post?u=ab66391af1dad9848c55bc673&amp;id=e65a8737f5&amp;f_id=007cb9e0f0\\\" method=\\\"post\\\"><br \/><div id=\\\"mc_embed_signup_scroll\\\"><!-- real people should not fill this in and expect good things - do not remove this or risk form bot signups--><div style=\\\"position: absolute; left: -5000px;\\\" aria-hidden=\\\"true\\\"><input name=\\\"b_ab66391af1dad9848c55bc673_e65a8737f5\\\" type=\\\"text\\\" value=\\\"\\\" \/><\/div><div class=\\\"optionalParent\\\"><div class=\\\"clear foot\\\"><input id=\\\"mc-embedded-subscribe\\\" class=\\\"_style_7 button\\\" name=\\\"subscribe\\\" type=\\\"submit\\\" value=\\\"Subscribe\\\" \/><\/div><\/div><\/div><\/form><p class=\\\"_style_7\\\"><!--End mc_embed_signup--><\/p>\",\r\n      \"align\": \"top\",\r\n      \"row\": 4,\r\n      \"col\": 0,\r\n      \"colspan\": 8,\r\n      \"offsetx\": 0,\r\n      \"offsety\": 0,\r\n      \"spaceabove\": 0,\r\n      \"spacebelow\": 0,\r\n      \"yvel\": 1,\r\n      \"push\": 0,\r\n      \"relid\": 10,\r\n      \"absolute_position\": false,\r\n      \"dosync\": false,\r\n      \"pxwidth\": null\r\n    },\r\n    {\r\n      \"type\": \"hr\",\r\n      \"cont\": \"\",\r\n      \"align\": \"onethird\",\r\n      \"row\": 5,\r\n      \"col\": 0,\r\n      \"colspan\": 8,\r\n      \"offsetx\": 0,\r\n      \"offsety\": 0,\r\n      \"spaceabove\": 0,\r\n      \"spacebelow\": 0,\r\n      \"yvel\": 1,\r\n      \"push\": 0,\r\n      \"relid\": 13,\r\n      \"absolute_position\": false,\r\n      \"frameOverflow\": \"\"\r\n    },\r\n    {\r\n      \"type\": \"text\",\r\n      \"cont\": \"<p class=\\\"_style_7\\\"><a href=\\\"https:\/\/abelone.rocks\/category\/work\/\\\" data-id=\\\"1\\\" data-title=\\\"Work\\\" data-type=\\\"category\\\">Work<\/a> <span class=\\\"Apple-converted-space\\\">\u00a0 \u00a0 <\/span><a href=\\\"https:\/\/abelone.rocks\/category\/people\/directors\/\\\" data-id=\\\"7\\\" data-title=\\\"Directors\\\">Creatives<\/a><a href=\\\"https:\/\/abelone.rocks\/category\/people\/photographers\/\\\" data-id=\\\"8\\\" data-title=\\\"Photographers\\\" data-type=\\\"category\\\">\u00a0<\/a><span class=\\\"Apple-converted-space\\\"><a href=\\\"https:\/\/abelone.rocks\/category\/people\/photographers\/\\\" data-id=\\\"8\\\" data-title=\\\"Photographers\\\" data-type=\\\"category\\\">\u00a0<\/a> \u00a0 <\/span><a href=\\\"https:\/\/abelone.rocks\/category\/abelone-x\/\\\" data-id=\\\"20\\\" data-title=\\\"Abelone X\\\" data-type=\\\"category\\\">Abelone X<\/a> <a href=\\\"https:\/\/abelone.rocks\/category\/abelone-x\/\\\" data-id=\\\"20\\\" data-title=\\\"Abelone X\\\" data-type=\\\"category\\\"><\/a> <span class=\\\"Apple-converted-space\\\">\u00a0 \u00a0 <\/span><span class=\\\"Apple-converted-space\\\"><a href=\\\"https:\/\/abelone.rocks\/culture\/\\\" data-id=\\\"932\\\" data-title=\\\"Culture\\\" data-type=\\\"page\\\">Culture<\/a>\u00a0 \u00a0 <\/span><a href=\\\"https:\/\/abelone.rocks\/about\/\\\" data-id=\\\"57\\\" data-title=\\\"About\\\">About<\/a> <span class=\\\"Apple-converted-space\\\">\u00a0 \u00a0 <\/span><a href=\\\"https:\/\/abelone.rocks\/datenschutz\/\\\" data-id=\\\"118\\\" data-title=\\\"Datenschutz\\\" data-type=\\\"page\\\">Datenschutz<\/a> <span class=\\\"Apple-converted-space\\\">\u00a0 \u00a0 <\/span><a href=\\\"https:\/\/abelone.rocks\/impressum\/\\\" data-id=\\\"120\\\" data-title=\\\"Impressum\\\" data-type=\\\"page\\\">Impressum<\/a><\/p>\",\r\n      \"align\": \"top\",\r\n      \"row\": 6,\r\n      \"col\": 0,\r\n      \"colspan\": 8,\r\n      \"offsetx\": 0,\r\n      \"offsety\": 0,\r\n      \"spaceabove\": 0,\r\n      \"spacebelow\": 0,\r\n      \"yvel\": 1,\r\n      \"push\": 0,\r\n      \"relid\": 6,\r\n      \"absolute_position\": false,\r\n      \"frameOverflow\": \"\"\r\n    }\r\n  ]\r\n}","_links":{"self":[{"href":"https:\/\/abelone.rocks\/de\/wp-json\/wp\/v2\/pages\/2184","targetHints":{"allow":["GET"]}}],"collection":[{"href":"https:\/\/abelone.rocks\/de\/wp-json\/wp\/v2\/pages"}],"about":[{"href":"https:\/\/abelone.rocks\/de\/wp-json\/wp\/v2\/types\/page"}],"author":[{"embeddable":true,"href":"https:\/\/abelone.rocks\/de\/wp-json\/wp\/v2\/users\/1"}],"replies":[{"embeddable":true,"href":"https:\/\/abelone.rocks\/de\/wp-json\/wp\/v2\/comments?post=2184"}],"version-history":[{"count":0,"href":"https:\/\/abelone.rocks\/de\/wp-json\/wp\/v2\/pages\/2184\/revisions"}],"wp:attachment":[{"href":"https:\/\/abelone.rocks\/de\/wp-json\/wp\/v2\/media?parent=2184"}],"curies":[{"name":"wp","href":"https:\/\/api.w.org\/{rel}","templated":true}]}}